{"id":1001,"date":"2022-07-12T10:28:05","date_gmt":"2022-07-12T10:28:05","guid":{"rendered":"http:\/\/forsega.cartaenelmovil.es\/?page_id=1001"},"modified":"2022-07-20T11:13:00","modified_gmt":"2022-07-20T11:13:00","slug":"1001-2","status":"publish","type":"page","link":"https:\/\/forsega.cartaenelmovil.es\/index.php\/1001-2\/","title":{"rendered":"Test Xestor"},"content":{"rendered":"<p>[et_pb_section fb_built=\u00bb1&#8243; _builder_version=\u00bb4.16&#8243; background_color=\u00bb#e8a200&#8243; global_colors_info=\u00bb{}\u00bb][et_pb_row column_structure=\u00bb1_2,1_2&#8243; _builder_version=\u00bb4.16&#8243; global_colors_info=\u00bb{}\u00bb][et_pb_column type=\u00bb1_2&#8243; _builder_version=\u00bb4.16&#8243; global_colors_info=\u00bb{}\u00bb][et_pb_text _builder_version=\u00bb4.16&#8243; text_font=\u00bb|700|||||||\u00bb text_text_color=\u00bb#ffffff\u00bb text_font_size=\u00bb34px\u00bb text_line_height=\u00bb0.6em\u00bb header_text_align=\u00bbcenter\u00bb header_font_size=\u00bb25px\u00bb header_4_font=\u00bb|600|||||||\u00bb header_4_text_align=\u00bbcenter\u00bb header_4_text_color=\u00bb#ffffff\u00bb text_orientation=\u00bbcenter\u00bb text_text_shadow_style=\u00bbpreset2&#8243; global_colors_info=\u00bb{}\u00bb]<\/p>\n<h4>EXAMENES TEST E SUPUESTOS<\/h4>\n<h1><strong><span style=\"color: #f4f4f4;\">COMPETENCIA PROFESIONAL DO TRANSPORTE<\/span><\/strong><\/h1>\n<p>[\/et_pb_text][\/et_pb_column][et_pb_column type=\u00bb1_2&#8243; _builder_version=\u00bb4.16&#8243; global_colors_info=\u00bb{}\u00bb][\/et_pb_column][\/et_pb_row][\/et_pb_section][et_pb_section fb_built=\u00bb1&#8243; _builder_version=\u00bb4.16&#8243; _module_preset=\u00bbdefault\u00bb global_colors_info=\u00bb{}\u00bb][et_pb_row column_structure=\u00bb1_4,1_4,1_4,1_4&#8243; _builder_version=\u00bb4.17.6&#8243; _module_preset=\u00bbdefault\u00bb global_colors_info=\u00bb{}\u00bb][et_pb_column type=\u00bb1_4&#8243; _builder_version=\u00bb4.17.6&#8243; _module_preset=\u00bbdefault\u00bb global_colors_info=\u00bb{}\u00bb][et_pb_toggle title=\u00bbExame 02\/06\/2022.\u00bb open_toggle_text_color=\u00bb#0C71C3&#8243; closed_toggle_background_color=\u00bb#0C71C3&#8243; _builder_version=\u00bb4.17.6&#8243; _module_preset=\u00bbdefault\u00bb title_text_color=\u00bb#FFFFFF\u00bb hover_enabled=\u00bb0&#8243; global_colors_info=\u00bb{}\u00bb sticky_enabled=\u00bb0&#8243;]<\/p>\n<p><span style=\"color: #000080;\"><strong><a href=\"https:\/\/forsega.es\/wp-content\/uploads\/2022\/06\/EXAMEN-15_6_-2022-TEST-E-SUPOSTOS-1.pdf\" style=\"color: #000080;\">Exame<\/a><\/strong><\/span><\/p>\n<p><span style=\"color: #000080;\"><strong><a href=\"https:\/\/forsega.es\/wp-content\/uploads\/2022\/06\/RESPOSTAS-15_6_2022-TEST-E-SUPOSTOS-2022.pdf\" style=\"color: #000080;\">Soluci\u00f3n<\/a><\/strong><\/span><\/p>\n<p>[\/et_pb_toggle][\/et_pb_column][et_pb_column type=\u00bb1_4&#8243; _builder_version=\u00bb4.17.6&#8243; _module_preset=\u00bbdefault\u00bb global_colors_info=\u00bb{}\u00bb][et_pb_toggle title=\u00bbExame 08\/06\/2022.\u00bb open_toggle_text_color=\u00bb#0C71C3&#8243; closed_toggle_background_color=\u00bb#0C71C3&#8243; _builder_version=\u00bb4.17.6&#8243; _module_preset=\u00bbdefault\u00bb title_text_color=\u00bb#FFFFFF\u00bb hover_enabled=\u00bb0&#8243; global_colors_info=\u00bb{}\u00bb sticky_enabled=\u00bb0&#8243;]<\/p>\n<p>Exame<\/p>\n<p>Soluci\u00f3n<\/p>\n<p>[\/et_pb_toggle][\/et_pb_column][et_pb_column type=\u00bb1_4&#8243; _builder_version=\u00bb4.17.6&#8243; _module_preset=\u00bbdefault\u00bb global_colors_info=\u00bb{}\u00bb][et_pb_toggle title=\u00bbExame 08\/06\/2022.\u00bb open_toggle_text_color=\u00bb#0C71C3&#8243; closed_toggle_background_color=\u00bb#0C71C3&#8243; _builder_version=\u00bb4.17.6&#8243; _module_preset=\u00bbdefault\u00bb title_text_color=\u00bb#FFFFFF\u00bb hover_enabled=\u00bb0&#8243; global_colors_info=\u00bb{}\u00bb sticky_enabled=\u00bb0&#8243;]<\/p>\n<p>Exame<\/p>\n<p>Soluci\u00f3n<\/p>\n<p>[\/et_pb_toggle][\/et_pb_column][et_pb_column type=\u00bb1_4&#8243; _builder_version=\u00bb4.17.6&#8243; _module_preset=\u00bbdefault\u00bb global_colors_info=\u00bb{}\u00bb][et_pb_toggle title=\u00bbExame 08\/06\/2022.\u00bb open_toggle_text_color=\u00bb#0C71C3&#8243; closed_toggle_background_color=\u00bb#0C71C3&#8243; _builder_version=\u00bb4.17.6&#8243; _module_preset=\u00bbdefault\u00bb title_text_color=\u00bb#FFFFFF\u00bb hover_enabled=\u00bb0&#8243; global_colors_info=\u00bb{}\u00bb sticky_enabled=\u00bb0&#8243;]<\/p>\n<p>Exame<\/p>\n<p>Soluci\u00f3n<\/p>\n<p>[\/et_pb_toggle][\/et_pb_column][\/et_pb_row][et_pb_row column_structure=\u00bb1_4,1_4,1_4,1_4&#8243; _builder_version=\u00bb4.17.6&#8243; _module_preset=\u00bbdefault\u00bb global_colors_info=\u00bb{}\u00bb][et_pb_column type=\u00bb1_4&#8243; _builder_version=\u00bb4.17.6&#8243; _module_preset=\u00bbdefault\u00bb global_colors_info=\u00bb{}\u00bb][et_pb_toggle title=\u00bbExame 08\/06\/2022.\u00bb open_toggle_text_color=\u00bb#0C71C3&#8243; closed_toggle_background_color=\u00bb#0C71C3&#8243; _builder_version=\u00bb4.17.6&#8243; _module_preset=\u00bbdefault\u00bb title_text_color=\u00bb#FFFFFF\u00bb hover_enabled=\u00bb0&#8243; global_colors_info=\u00bb{}\u00bb sticky_enabled=\u00bb0&#8243;]<\/p>\n<p>Exame<\/p>\n<p>Soluci\u00f3n<\/p>\n<p>[\/et_pb_toggle][\/et_pb_column][et_pb_column type=\u00bb1_4&#8243; _builder_version=\u00bb4.17.6&#8243; _module_preset=\u00bbdefault\u00bb global_colors_info=\u00bb{}\u00bb][\/et_pb_column][et_pb_column type=\u00bb1_4&#8243; _builder_version=\u00bb4.17.6&#8243; _module_preset=\u00bbdefault\u00bb global_colors_info=\u00bb{}\u00bb][\/et_pb_column][et_pb_column type=\u00bb1_4&#8243; _builder_version=\u00bb4.17.6&#8243; _module_preset=\u00bbdefault\u00bb global_colors_info=\u00bb{}\u00bb][\/et_pb_column][\/et_pb_row][et_pb_row column_structure=\u00bb1_6,1_6,1_6,1_6,1_6,1_6&#8243; make_equal=\u00bbon\u00bb _builder_version=\u00bb4.16&#8243; _module_preset=\u00bbdefault\u00bb width=\u00bb79%\u00bb max_width=\u00bb1508px\u00bb min_height=\u00bb237px\u00bb height=\u00bb579px\u00bb max_height=\u00bb387px\u00bb custom_margin=\u00bb|auto|24px|auto||\u00bb custom_padding=\u00bb||27px|||\u00bb global_colors_info=\u00bb{}\u00bb][et_pb_column type=\u00bb1_6&#8243; _builder_version=\u00bb4.16&#8243; _module_preset=\u00bbdefault\u00bb global_colors_info=\u00bb{}\u00bb][et_pb_toggle title=\u00bbExame 2\/06\/22&#8243; open_toggle_background_color=\u00bb#0C71C3&#8243; icon_color=\u00bb#FFFFFF\u00bb open_icon_color=\u00bb#FFFFFF\u00bb _builder_version=\u00bb4.16&#8243; _module_preset=\u00bbdefault\u00bb title_text_color=\u00bb#FFFFFF\u00bb title_font=\u00bb||||||||\u00bb title_font_size=\u00bb10px\u00bb title_line_height=\u00bb1.2em\u00bb closed_title_font_size=\u00bb12px\u00bb body_line_height=\u00bb1.4em\u00bb background_color=\u00bb#0e30ef\u00bb width=\u00bb100%\u00bb max_width=\u00bb100%\u00bb module_alignment=\u00bbleft\u00bb min_height=\u00bb198px\u00bb height=\u00bb100px\u00bb max_height=\u00bb158px\u00bb custom_padding=\u00bb||0px|||\u00bb closed_title_text_shadow_style=\u00bbpreset3&#8243; closed_title_text_shadow_color=\u00bb#FFFFFF\u00bb global_colors_info=\u00bb{}\u00bb]<\/p>\n<p><a href=\"https:\/\/forsega.es\/wp-content\/uploads\/2022\/06\/EXAMEN-15_6_-2022-TEST-E-SUPOSTOS-1.pdf\"><span style=\"color: #ffffff;\">Exame<\/span><\/a><\/p>\n<p><span style=\"color: #ffffff;\"><a href=\"https:\/\/forsega.es\/wp-content\/uploads\/2022\/06\/RESPOSTAS-15_6_2022-TEST-E-SUPOSTOS-2022.pdf\" style=\"color: #ffffff;\">Soluci\u00f3ns<\/a><\/span><\/p>\n<p><span style=\"color: #ffffff;\"><\/span><\/p>\n<p><span style=\"color: #ffffff;\"><\/span><\/p>\n<p>[\/et_pb_toggle][\/et_pb_column][et_pb_column type=\u00bb1_6&#8243; _builder_version=\u00bb4.16&#8243; _module_preset=\u00bbdefault\u00bb global_colors_info=\u00bb{}\u00bb][et_pb_toggle title=\u00bbExame 8\/06\/22&#8243; open_toggle_background_color=\u00bb#0C71C3&#8243; icon_color=\u00bb#FFFFFF\u00bb open_icon_color=\u00bb#FFFFFF\u00bb _builder_version=\u00bb4.16&#8243; _module_preset=\u00bbdefault\u00bb title_text_color=\u00bb#FFFFFF\u00bb title_font=\u00bb||||||||\u00bb title_font_size=\u00bb10px\u00bb title_line_height=\u00bb1.2em\u00bb closed_title_font_size=\u00bb12px\u00bb body_line_height=\u00bb1.4em\u00bb background_color=\u00bb#0e30ef\u00bb width=\u00bb100%\u00bb max_width=\u00bb100%\u00bb module_alignment=\u00bbleft\u00bb min_height=\u00bb198px\u00bb height=\u00bb100px\u00bb max_height=\u00bb158px\u00bb custom_padding=\u00bb||0px|||\u00bb closed_title_text_shadow_style=\u00bbpreset3&#8243; closed_title_text_shadow_color=\u00bb#FFFFFF\u00bb global_colors_info=\u00bb{}\u00bb]<\/p>\n<p><a href=\"https:\/\/forsega.es\/wp-content\/uploads\/2022\/06\/EXAMEN-15_6_-2022-TEST-E-SUPOSTOS-1.pdf\"><span style=\"color: #ffffff;\">Exame<\/span><\/a><\/p>\n<p><span style=\"color: #ffffff;\"><a href=\"https:\/\/forsega.es\/wp-content\/uploads\/2022\/06\/RESPOSTAS-15_6_2022-TEST-E-SUPOSTOS-2022.pdf\" style=\"color: #ffffff;\">Soluci\u00f3ns<\/a><\/span><\/p>\n<p><span style=\"color: #ffffff;\"><\/span><\/p>\n<p><span style=\"color: #ffffff;\"><\/span><\/p>\n<p>[\/et_pb_toggle][\/et_pb_column][et_pb_column type=\u00bb1_6&#8243; _builder_version=\u00bb4.16&#8243; _module_preset=\u00bbdefault\u00bb global_colors_info=\u00bb{}\u00bb][et_pb_toggle title=\u00bbExame 15\/06\/22&#8243; open_toggle_background_color=\u00bb#0C71C3&#8243; icon_color=\u00bb#FFFFFF\u00bb open_icon_color=\u00bb#FFFFFF\u00bb _builder_version=\u00bb4.16&#8243; _module_preset=\u00bbdefault\u00bb title_text_color=\u00bb#FFFFFF\u00bb title_font=\u00bb||||||||\u00bb title_font_size=\u00bb10px\u00bb title_line_height=\u00bb1.2em\u00bb closed_title_font_size=\u00bb12px\u00bb body_line_height=\u00bb1.4em\u00bb background_color=\u00bb#0e30ef\u00bb width=\u00bb100%\u00bb max_width=\u00bb100%\u00bb module_alignment=\u00bbleft\u00bb min_height=\u00bb198px\u00bb height=\u00bb100px\u00bb max_height=\u00bb158px\u00bb custom_padding=\u00bb||0px|||\u00bb link_option_url=\u00bbhttps:\/\/forsega.es\/wp-content\/uploads\/2022\/06\/EXAMEN-15_6_-2022-TEST-E-SUPOSTOS-1.pdf\u00bb closed_title_text_shadow_style=\u00bbpreset3&#8243; closed_title_text_shadow_color=\u00bb#FFFFFF\u00bb global_colors_info=\u00bb{}\u00bb]<\/p>\n<p><a href=\"https:\/\/forsega.es\/wp-content\/uploads\/2022\/06\/EXAMEN-15_6_-2022-TEST-E-SUPOSTOS-1.pdf\"><span style=\"color: #ffffff;\">Exame<\/span><\/a><\/p>\n<p><span style=\"color: #ffffff;\"><a href=\"https:\/\/forsega.es\/wp-content\/uploads\/2022\/06\/RESPOSTAS-15_6_2022-TEST-E-SUPOSTOS-2022.pdf\" style=\"color: #ffffff;\">Soluci\u00f3ns<\/a><\/span><\/p>\n<p><span style=\"color: #ffffff;\"><\/span><\/p>\n<p><span style=\"color: #ffffff;\"><\/span><\/p>\n<p>[\/et_pb_toggle][\/et_pb_column][et_pb_column type=\u00bb1_6&#8243; _builder_version=\u00bb4.16&#8243; _module_preset=\u00bbdefault\u00bb global_colors_info=\u00bb{}\u00bb][et_pb_toggle title=\u00bbExame 22\/06\/22&#8243; open_toggle_background_color=\u00bb#0C71C3&#8243; icon_color=\u00bb#FFFFFF\u00bb open_icon_color=\u00bb#FFFFFF\u00bb _builder_version=\u00bb4.16&#8243; _module_preset=\u00bbdefault\u00bb title_text_color=\u00bb#FFFFFF\u00bb title_font=\u00bb||||||||\u00bb title_font_size=\u00bb10px\u00bb title_line_height=\u00bb1.2em\u00bb closed_title_font_size=\u00bb12px\u00bb body_line_height=\u00bb1.4em\u00bb background_color=\u00bb#0e30ef\u00bb width=\u00bb100%\u00bb max_width=\u00bb100%\u00bb module_alignment=\u00bbleft\u00bb min_height=\u00bb198px\u00bb height=\u00bb100px\u00bb max_height=\u00bb158px\u00bb custom_padding=\u00bb||0px|||\u00bb closed_title_text_shadow_style=\u00bbpreset3&#8243; closed_title_text_shadow_color=\u00bb#FFFFFF\u00bb global_colors_info=\u00bb{}\u00bb]<\/p>\n<p><span style=\"color: #000000;\"><a href=\"https:\/\/forsega.es\/wp-content\/uploads\/2022\/07\/Examen_-22_6_2022-1.pdf\" style=\"color: #000000;\"><span style=\"color: #ffffff;\">Exame<\/span><\/a><\/span><\/p>\n<p><span style=\"color: #ffffff;\">Soluci\u00f3ns<\/span><\/p>\n<p><span style=\"color: #ffffff;\"><\/span><\/p>\n<p><span style=\"color: #ffffff;\"><\/span><\/p>\n<p>[\/et_pb_toggle][\/et_pb_column][et_pb_column type=\u00bb1_6&#8243; _builder_version=\u00bb4.16&#8243; _module_preset=\u00bbdefault\u00bb global_colors_info=\u00bb{}\u00bb][et_pb_toggle title=\u00bbExame 29\/06\/22&#8243; open_toggle_background_color=\u00bb#0C71C3&#8243; icon_color=\u00bb#FFFFFF\u00bb open_icon_color=\u00bb#FFFFFF\u00bb _builder_version=\u00bb4.16&#8243; _module_preset=\u00bbdefault\u00bb title_text_color=\u00bb#FFFFFF\u00bb title_font=\u00bb||||||||\u00bb title_font_size=\u00bb10px\u00bb title_line_height=\u00bb1.2em\u00bb closed_title_font_size=\u00bb12px\u00bb body_line_height=\u00bb1.4em\u00bb background_color=\u00bb#0e30ef\u00bb width=\u00bb100%\u00bb max_width=\u00bb100%\u00bb module_alignment=\u00bbleft\u00bb min_height=\u00bb198px\u00bb height=\u00bb100px\u00bb max_height=\u00bb158px\u00bb custom_padding=\u00bb||0px|||\u00bb closed_title_text_shadow_style=\u00bbpreset3&#8243; closed_title_text_shadow_color=\u00bb#FFFFFF\u00bb global_colors_info=\u00bb{}\u00bb]<\/p>\n<p><a href=\"https:\/\/forsega.es\/wp-content\/uploads\/2022\/06\/EXAMEN-15_6_-2022-TEST-E-SUPOSTOS-1.pdf\"><span style=\"color: #ffffff;\">Exame<\/span><\/a><\/p>\n<p><span style=\"color: #ffffff;\"><a href=\"https:\/\/forsega.es\/wp-content\/uploads\/2022\/06\/RESPOSTAS-15_6_2022-TEST-E-SUPOSTOS-2022.pdf\" style=\"color: #ffffff;\">Soluci\u00f3ns<\/a><\/span><\/p>\n<p><span style=\"color: #ffffff;\"><\/span><\/p>\n<p><span style=\"color: #ffffff;\"><\/span><\/p>\n<p>[\/et_pb_toggle][\/et_pb_column][et_pb_column type=\u00bb1_6&#8243; _builder_version=\u00bb4.16&#8243; _module_preset=\u00bbdefault\u00bb global_colors_info=\u00bb{}\u00bb][\/et_pb_column][\/et_pb_row][\/et_pb_section]<\/p>\n","protected":false},"excerpt":{"rendered":"<p>EXAMENES TEST E SUPUESTOS COMPETENCIA PROFESIONAL DO TRANSPORTEExame Soluci\u00f3nExame Soluci\u00f3nExame Soluci\u00f3nExame Soluci\u00f3nExame Soluci\u00f3nExame Soluci\u00f3ns Exame Soluci\u00f3ns Exame Soluci\u00f3ns Exame Soluci\u00f3ns Exame Soluci\u00f3ns<\/p>\n","protected":false},"author":3,"featured_media":0,"parent":0,"menu_order":0,"comment_status":"closed","ping_status":"closed","template":"","meta":{"_et_pb_use_builder":"on","_et_pb_old_content":"","_et_gb_content_width":"","footnotes":""},"_links":{"self":[{"href":"https:\/\/forsega.cartaenelmovil.es\/index.php\/wp-json\/wp\/v2\/pages\/1001"}],"collection":[{"href":"https:\/\/forsega.cartaenelmovil.es\/index.php\/wp-json\/wp\/v2\/pages"}],"about":[{"href":"https:\/\/forsega.cartaenelmovil.es\/index.php\/wp-json\/wp\/v2\/types\/page"}],"author":[{"embeddable":true,"href":"https:\/\/forsega.cartaenelmovil.es\/index.php\/wp-json\/wp\/v2\/users\/3"}],"replies":[{"embeddable":true,"href":"https:\/\/forsega.cartaenelmovil.es\/index.php\/wp-json\/wp\/v2\/comments?post=1001"}],"version-history":[{"count":48,"href":"https:\/\/forsega.cartaenelmovil.es\/index.php\/wp-json\/wp\/v2\/pages\/1001\/revisions"}],"predecessor-version":[{"id":1080,"href":"https:\/\/forsega.cartaenelmovil.es\/index.php\/wp-json\/wp\/v2\/pages\/1001\/revisions\/1080"}],"wp:attachment":[{"href":"https:\/\/forsega.cartaenelmovil.es\/index.php\/wp-json\/wp\/v2\/media?parent=1001"}],"curies":[{"name":"wp","href":"https:\/\/api.w.org\/{rel}","templated":true}]}}